{"id":1903,"date":"2025-01-23T17:53:33","date_gmt":"2025-01-23T16:53:33","guid":{"rendered":"https:\/\/biagisnc.com\/?page_id=1903"},"modified":"2025-01-24T08:35:10","modified_gmt":"2025-01-24T07:35:10","slug":"a","status":"publish","type":"page","link":"https:\/\/biagisnc.com\/index.php\/a\/","title":{"rendered":"."},"content":{"rendered":"\t\t<div data-elementor-type=\"wp-page\" data-elementor-id=\"1903\" class=\"elementor elementor-1903\">\n\t\t\t\t<div class=\"elementor-element elementor-element-da2f1b1 e-flex e-con-boxed e-con e-parent\" data-id=\"da2f1b1\" data-element_type=\"container\" data-e-type=\"container\" data-settings=\"{&quot;background_background&quot;:&quot;classic&quot;}\">\n\t\t\t\t\t<div class=\"e-con-inner\">\n\t\t\t\t<div class=\"elementor-element elementor-element-96ab25c elementor-widget elementor-widget-text-editor\" data-id=\"96ab25c\" data-element_type=\"widget\" data-e-type=\"widget\" data-widget_type=\"text-editor.default\">\n\t\t\t\t<div class=\"elementor-widget-container\">\n\t\t\t\t\t\t\t\t\t<p>Oggettistica<\/p>\t\t\t\t\t\t\t\t<\/div>\n\t\t\t\t<\/div>\n\t\t\t\t<div class=\"elementor-element elementor-element-3fedb34 elementor-widget elementor-widget-heading\" data-id=\"3fedb34\" data-element_type=\"widget\" data-e-type=\"widget\" data-widget_type=\"heading.default\">\n\t\t\t\t<div class=\"elementor-widget-container\">\n\t\t\t\t\t<h2 class=\"elementor-heading-title elementor-size-default\">A<\/h2>\t\t\t\t<\/div>\n\t\t\t\t<\/div>\n\t\t\t\t\t<\/div>\n\t\t\t\t<\/div>\n\t\t<div class=\"elementor-element elementor-element-49a7938 e-flex e-con-boxed e-con e-parent\" data-id=\"49a7938\" data-element_type=\"container\" data-e-type=\"container\">\n\t\t\t\t\t<div class=\"e-con-inner\">\n\t\t<div class=\"elementor-element elementor-element-713c4d5 e-con-full e-flex e-con e-child\" data-id=\"713c4d5\" data-element_type=\"container\" data-e-type=\"container\" data-settings=\"{&quot;background_background&quot;:&quot;classic&quot;}\">\n\t\t\t\t<\/div>\n\t\t<div class=\"elementor-element elementor-element-61b57e6 e-con-full e-flex e-con e-child\" data-id=\"61b57e6\" data-element_type=\"container\" data-e-type=\"container\" data-settings=\"{&quot;background_background&quot;:&quot;classic&quot;}\">\n\t\t\t\t<div class=\"elementor-element elementor-element-0ab3ed4 elementor-widget elementor-widget-heading\" data-id=\"0ab3ed4\" data-element_type=\"widget\" data-e-type=\"widget\" data-widget_type=\"heading.default\">\n\t\t\t\t<div class=\"elementor-widget-container\">\n\t\t\t\t\t<h2 class=\"elementor-heading-title elementor-size-default\">Chi siamo<\/h2>\t\t\t\t<\/div>\n\t\t\t\t<\/div>\n\t\t\t\t<div class=\"elementor-element elementor-element-488c354 elementor-widget elementor-widget-text-editor\" data-id=\"488c354\" data-element_type=\"widget\" data-e-type=\"widget\" data-widget_type=\"text-editor.default\">\n\t\t\t\t<div class=\"elementor-widget-container\">\n\t\t\t\t\t\t\t\t\t<p>La nostra \u00e8 un&#8217;azienda artigiana a conduzione familiare che, da oltre 50 anni, opera nel settore lapideo; pur realizzando ogni genere di articolo in marmo, granito e pietre ci siamo voluti specializzare nell&#8217;arte funeraria.<br \/>La qualit\u00e0 dei prodotti \u00e8 visibile nella nostra esposizione, dove \u00e8 sempre presente una persona pronta a consigliarvi; in questa sede potrete acquistare ogni tipo di accessorio (vasi, bronzi, fiori, lumi in cristallo, ricambi e prodotti per la manutenzione). I nostri clienti sono i marmisti, le onoranze funebri e il privato.<\/p>\t\t\t\t\t\t\t\t<\/div>\n\t\t\t\t<\/div>\n\t\t\t\t<\/div>\n\t\t\t\t\t<\/div>\n\t\t\t\t<\/div>\n\t\t<div class=\"elementor-element elementor-element-1ff06e7 e-flex e-con-boxed e-con e-parent\" data-id=\"1ff06e7\" data-element_type=\"container\" data-e-type=\"container\">\n\t\t\t\t\t<div class=\"e-con-inner\">\n\t\t<div class=\"elementor-element elementor-element-3409cd1 e-con-full e-flex e-con e-child\" data-id=\"3409cd1\" data-element_type=\"container\" data-e-type=\"container\" data-settings=\"{&quot;background_background&quot;:&quot;classic&quot;}\">\n\t\t\t\t<\/div>\n\t\t<div class=\"elementor-element elementor-element-2400931 e-con-full e-flex e-con e-child\" data-id=\"2400931\" data-element_type=\"container\" data-e-type=\"container\" data-settings=\"{&quot;background_background&quot;:&quot;classic&quot;}\">\n\t\t\t\t<div class=\"elementor-element elementor-element-ddc27d9 elementor-widget elementor-widget-heading\" data-id=\"ddc27d9\" data-element_type=\"widget\" data-e-type=\"widget\" data-widget_type=\"heading.default\">\n\t\t\t\t<div class=\"elementor-widget-container\">\n\t\t\t\t\t<h2 class=\"elementor-heading-title elementor-size-default\">Chi siamo<\/h2>\t\t\t\t<\/div>\n\t\t\t\t<\/div>\n\t\t\t\t<div class=\"elementor-element elementor-element-27c11fb elementor-widget elementor-widget-text-editor\" data-id=\"27c11fb\" data-element_type=\"widget\" data-e-type=\"widget\" data-widget_type=\"text-editor.default\">\n\t\t\t\t<div class=\"elementor-widget-container\">\n\t\t\t\t\t\t\t\t\t<p>La nostra \u00e8 un&#8217;azienda artigiana a conduzione familiare che, da oltre 50 anni, opera nel settore lapideo; pur realizzando ogni genere di articolo in marmo, granito e pietre ci siamo voluti specializzare nell&#8217;arte funeraria.<br \/>La qualit\u00e0 dei prodotti \u00e8 visibile nella nostra esposizione, dove \u00e8 sempre presente una persona pronta a consigliarvi; in questa sede potrete acquistare ogni tipo di accessorio (vasi, bronzi, fiori, lumi in cristallo, ricambi e prodotti per la manutenzione). I nostri clienti sono i marmisti, le onoranze funebri e il privato.<\/p>\t\t\t\t\t\t\t\t<\/div>\n\t\t\t\t<\/div>\n\t\t\t\t<\/div>\n\t\t\t\t\t<\/div>\n\t\t\t\t<\/div>\n\t\t<div class=\"elementor-element elementor-element-77f5f9d e-flex e-con-boxed e-con e-parent\" data-id=\"77f5f9d\" data-element_type=\"container\" data-e-type=\"container\">\n\t\t\t\t\t<div class=\"e-con-inner\">\n\t\t<div class=\"elementor-element elementor-element-01da881 e-con-full e-flex e-con e-child\" data-id=\"01da881\" data-element_type=\"container\" data-e-type=\"container\" data-settings=\"{&quot;background_background&quot;:&quot;classic&quot;}\">\n\t\t\t\t<div class=\"elementor-element elementor-element-2c3934d elementor-view-stacked elementor-shape-circle elementor-widget elementor-widget-icon\" data-id=\"2c3934d\" data-element_type=\"widget\" data-e-type=\"widget\" data-widget_type=\"icon.default\">\n\t\t\t\t<div class=\"elementor-widget-container\">\n\t\t\t\t\t\t\t<div class=\"elementor-icon-wrapper\">\n\t\t\t<a class=\"elementor-icon\" href=\"#\" target=\"_blank\">\n\t\t\t<svg xmlns=\"http:\/\/www.w3.org\/2000\/svg\" xmlns:xlink=\"http:\/\/www.w3.org\/1999\/xlink\" id=\"Layer_1\" x=\"0px\" y=\"0px\" viewBox=\"0 0 100 100\" style=\"enable-background:new 0 0 100 100;\" xml:space=\"preserve\"><path d=\"M65.7,53.1l-23,13.2c-1.5,0.8-3.4,0.3-4.3-1.2c-0.3-0.5-0.4-1-0.4-1.5V36.4c0-1.7,1.4-3.1,3.2-3.1c0.5,0,1.1,0.1,1.5,0.4 l23,14c1.5,0.9,2,2.8,1.2,4.3C66.6,52.4,66.2,52.8,65.7,53.1z\"><\/path><\/svg>\t\t\t<\/a>\n\t\t<\/div>\n\t\t\t\t\t\t<\/div>\n\t\t\t\t<\/div>\n\t\t\t\t<\/div>\n\t\t\t\t\t<\/div>\n\t\t\t\t<\/div>\n\t\t<div class=\"elementor-element elementor-element-506e8c6 e-flex e-con-boxed e-con e-parent\" data-id=\"506e8c6\" data-element_type=\"container\" data-e-type=\"container\" data-settings=\"{&quot;background_background&quot;:&quot;classic&quot;}\">\n\t\t\t\t\t<div class=\"e-con-inner\">\n\t\t\t\t\t<\/div>\n\t\t\t\t<\/div>\n\t\t\t\t<\/div>\n\t\t","protected":false},"excerpt":{"rendered":"<p>Oggettistica A Chi siamo La nostra \u00e8 un&#8217;azienda artigiana a conduzione familiare che, da oltre 50 anni, opera nel settore lapideo; pur realizzando ogni genere di articolo in marmo, granito e pietre ci siamo voluti specializzare nell&#8217;arte funeraria.La qualit\u00e0 dei prodotti \u00e8 visibile nella nostra esposizione, dove \u00e8 sempre presente una persona pronta a consigliarvi; [&hellip;]<\/p>\n","protected":false},"author":1,"featured_media":0,"parent":0,"menu_order":0,"comment_status":"closed","ping_status":"closed","template":"","meta":{"footnotes":""},"class_list":["post-1903","page","type-page","status-publish","hentry"],"blocksy_meta":{"styles_descriptor":{"styles":{"desktop":"","tablet":"","mobile":""},"google_fonts":[],"version":6},"page_title_panel":"","has_hero_section":"disabled","1d15b7934ff424ab25737f2d764de13a":"","hero_section":"type-1","hero_elements":[{"id":"custom_title","enabled":true,"heading_tag":"h1","title":"Home"},{"id":"custom_description","enabled":true,"description_visibility":{"desktop":true,"tablet":true,"mobile":false}},{"id":"custom_meta","enabled":false,"meta_elements":[{"id":"author","enabled":true,"label":"By","has_author_avatar":"yes","avatar_size":25},{"id":"post_date","enabled":true,"label":"On","date_format_source":"default","date_format":"M j, Y"},{"id":"updated_date","enabled":false,"label":"On","date_format_source":"default","date_format":"M j, Y"},{"id":"categories","enabled":false,"label":"In","style":"simple"},{"id":"comments","enabled":true}],"page_meta_elements":{"joined":true,"articles_count":true,"comments":true}},{"id":"breadcrumbs","enabled":false}],"e377139f0e48a4cb5a64798ea8d651b9":"","hero_alignment1":"CT_CSS_SKIP_RULE","hero_margin":40,"hero_alignment2":"center","hero_vertical_alignment":"center","af09189de71c08c18e1cd076aeaad8fe":"","hero_structure":"narrow","4241a204ae10e70836b130f646a7f2d5":"","page_title_bg_type":"featured_image","custom_hero_background":{"attachment_id":null},"page_title_image_size":"full","parallax":{"desktop":false,"tablet":false,"mobile":false},"37c6846e78051bc32791c6958664507d":"","hero_height":"250px","pageTitleFont":{"family":"Default","variation":"Default","size":"30px","line-height":"CT_CSS_SKIP_RULE","letter-spacing":"CT_CSS_SKIP_RULE","text-transform":"CT_CSS_SKIP_RULE","text-decoration":"CT_CSS_SKIP_RULE"},"pageTitleFontColor":{"default":{"color":"CT_CSS_SKIP_RULEDEFAULT"}},"pageMetaFont":{"family":"Default","variation":"n6","size":"12px","line-height":"1.3","letter-spacing":"CT_CSS_SKIP_RULE","text-transform":"uppercase","text-decoration":"CT_CSS_SKIP_RULE"},"pageMetaFontColor":{"default":{"color":"CT_CSS_SKIP_RULEDEFAULT"},"hover":{"color":"CT_CSS_SKIP_RULEDEFAULT"}},"page_meta_button_type_font_colors":{"default":{"color":"CT_CSS_SKIP_RULEDEFAULT"},"hover":{"color":"CT_CSS_SKIP_RULEDEFAULT"}},"page_meta_button_type_background_colors":{"default":{"color":"CT_CSS_SKIP_RULEDEFAULT"},"hover":{"color":"CT_CSS_SKIP_RULEDEFAULT"}},"pageExcerptFont":{"family":"Default","variation":"Default","size":"CT_CSS_SKIP_RULE","line-height":"CT_CSS_SKIP_RULE","letter-spacing":"CT_CSS_SKIP_RULE","text-transform":"CT_CSS_SKIP_RULE","text-decoration":"CT_CSS_SKIP_RULE"},"pageExcerptColor":{"default":{"color":"CT_CSS_SKIP_RULEDEFAULT"}},"breadcrumbsFont":{"family":"Default","variation":"Default","size":"CT_CSS_SKIP_RULE","line-height":"CT_CSS_SKIP_RULE","letter-spacing":"CT_CSS_SKIP_RULE","text-transform":"CT_CSS_SKIP_RULE","text-decoration":"CT_CSS_SKIP_RULE"},"breadcrumbsFontColor":{"default":{"color":"CT_CSS_SKIP_RULEDEFAULT"},"initial":{"color":"CT_CSS_SKIP_RULEDEFAULT"},"hover":{"color":"CT_CSS_SKIP_RULEDEFAULT"}},"pageTitleOverlay":{"background_type":"color","background_pattern":"type-1","background_image":{"attachment_id":null,"x":0,"y":0},"gradient":"linear-gradient(135deg,rgba(6,147,227,1) 0%,rgb(155,81,224) 100%)","background_repeat":"repeat","background_size":"auto","background_attachment":"scroll","patternColor":{"default":{"color":"#e5e7ea"}},"overlayColor":{"default":{"color":"CT_CSS_SKIP_RULE"}},"backgroundColor":{"default":{"color":"CT_CSS_SKIP_RULE"}}},"pageTitleBackground":{"background_type":"color","background_pattern":"type-1","background_image":{"attachment_id":null,"x":0,"y":0},"gradient":"linear-gradient(135deg,rgba(6,147,227,1) 0%,rgb(155,81,224) 100%)","background_repeat":"repeat","background_size":"auto","background_attachment":"scroll","patternColor":{"default":{"color":"#e5e7ea"}},"overlayColor":{"default":{"color":"CT_CSS_SKIP_RULE"}},"backgroundColor":{"default":{"color":"var(--theme-palette-color-6)"}}},"pageTitlePadding":{"top":"50px","bottom":"50px","left":"auto","right":"auto","linked":true},"a8fa859ceafab67cbfce97e380ccc088":"","page_structure_type":"default","2c44625e200027fb7003d1deb510aed8":"","content_style_source":"inherit","content_style":"wide","vertical_spacing_source":"custom","content_area_spacing":"none","background":{"background_type":"color","background_pattern":"type-1","background_image":{"attachment_id":null,"x":0,"y":0},"gradient":"linear-gradient(135deg,rgba(6,147,227,1) 0%,rgb(155,81,224) 100%)","background_repeat":"repeat","background_size":"auto","background_attachment":"scroll","patternColor":{"default":{"color":"#e5e7ea"}},"overlayColor":{"default":{"color":"CT_CSS_SKIP_RULE"}},"backgroundColor":{"default":{"color":"CT_CSS_SKIP_RULE"}}},"content_background":{"background_type":"color","background_pattern":"type-1","background_image":{"attachment_id":null,"x":0,"y":0},"gradient":"linear-gradient(135deg,rgba(6,147,227,1) 0%,rgb(155,81,224) 100%)","background_repeat":"repeat","background_size":"auto","background_attachment":"scroll","patternColor":{"default":{"color":"#e5e7ea"}},"overlayColor":{"default":{"color":"CT_CSS_SKIP_RULE"}},"backgroundColor":{"default":{"color":"var(--theme-palette-color-8)"}}},"content_boxed_shadow":{"inherit":false,"blur":18,"spread":-6,"v_offset":12,"h_offset":0,"inset":false,"enable":true,"color":{"color":"rgba(34, 56, 101, 0.04)"}},"content_boxed_border":{"width":1,"style":"none","color":{"color":"rgba(44,62,80,0.2)"}},"content_boxed_radius":{"top":"3px","bottom":"3px","left":"3px","right":"3px","linked":true},"boxed_content_spacing":{"desktop":{"top":"40px","bottom":"40px","left":"40px","right":"40px","linked":true},"tablet":{"top":"35px","bottom":"35px","left":"35px","right":"35px","linked":true},"mobile":{"top":"20px","bottom":"20px","left":"20px","right":"20px","linked":true}},"b6a9da5a132a1b76f66ef374aa22372c":"","disable_featured_image":"no","disable_share_box":"no","disable_header":"no","disable_footer":"no"},"yoast_head":"<!-- This site is optimized with the Yoast SEO plugin v27.5 - https:\/\/yoast.com\/product\/yoast-seo-wordpress\/ -->\n<title>Azienda Biagi snc - Onoranze Funebri - Arte Funeraria<\/title>\n<meta name=\"description\" content=\"Biagi snc \u00e8 un&#039;azienda artigiana a conduzione familiare che, da oltre 50 anni, opera nel settore lapideo; pur realizzando ogni genere di articolo in marmo, granito e pietre ci siamo voluti specializzare nell&#039;arte funeraria. La qualit\u00e0 dei prodotti \u00e8 visibile nella nostra esposizione, dove \u00e8 sempre presente una persona pronta a consigliarvi; in questa sede potrete acquistare ogni tipo di accessorio (vasi, bronzi, fiori, lumi in cristallo, ricambi e prodotti per la manutenzione). I nostri clienti sono i marmisti, le onoranze funebri e il privato.\" \/>\n<meta name=\"robots\" content=\"index, follow, max-snippet:-1, max-image-preview:large, max-video-preview:-1\" \/>\n<link rel=\"canonical\" href=\"https:\/\/biagisnc.com\/index.php\/a\/\" \/>\n<meta property=\"og:locale\" content=\"it_IT\" \/>\n<meta property=\"og:type\" content=\"article\" \/>\n<meta property=\"og:title\" content=\"Azienda Biagi snc - Onoranze Funebri - Arte Funeraria\" \/>\n<meta property=\"og:description\" content=\"Biagi snc \u00e8 un&#039;azienda artigiana a conduzione familiare che, da oltre 50 anni, opera nel settore lapideo; pur realizzando ogni genere di articolo in marmo, granito e pietre ci siamo voluti specializzare nell&#039;arte funeraria. La qualit\u00e0 dei prodotti \u00e8 visibile nella nostra esposizione, dove \u00e8 sempre presente una persona pronta a consigliarvi; in questa sede potrete acquistare ogni tipo di accessorio (vasi, bronzi, fiori, lumi in cristallo, ricambi e prodotti per la manutenzione). I nostri clienti sono i marmisti, le onoranze funebri e il privato.\" \/>\n<meta property=\"og:url\" content=\"https:\/\/biagisnc.com\/index.php\/a\/\" \/>\n<meta property=\"og:site_name\" content=\"Biagi snc di Marco e Simona\" \/>\n<meta property=\"article:modified_time\" content=\"2025-01-24T07:35:10+00:00\" \/>\n<meta property=\"og:image\" content=\"https:\/\/biagisnc.com\/wp-content\/uploads\/2022\/08\/Negozio4.jpg\" \/>\n\t<meta property=\"og:image:width\" content=\"1200\" \/>\n\t<meta property=\"og:image:height\" content=\"854\" \/>\n\t<meta property=\"og:image:type\" content=\"image\/jpeg\" \/>\n<meta name=\"twitter:card\" content=\"summary_large_image\" \/>\n<meta name=\"twitter:label1\" content=\"Tempo di lettura stimato\" \/>\n\t<meta name=\"twitter:data1\" content=\"1 minuto\" \/>\n<script type=\"application\/ld+json\" class=\"yoast-schema-graph\">{\"@context\":\"https:\\\/\\\/schema.org\",\"@graph\":[{\"@type\":\"WebPage\",\"@id\":\"https:\\\/\\\/biagisnc.com\\\/index.php\\\/a\\\/\",\"url\":\"https:\\\/\\\/biagisnc.com\\\/index.php\\\/a\\\/\",\"name\":\"Azienda Biagi snc - Onoranze Funebri - Arte Funeraria\",\"isPartOf\":{\"@id\":\"https:\\\/\\\/biagisnc.com\\\/#website\"},\"datePublished\":\"2025-01-23T16:53:33+00:00\",\"dateModified\":\"2025-01-24T07:35:10+00:00\",\"description\":\"Biagi snc \u00e8 un'azienda artigiana a conduzione familiare che, da oltre 50 anni, opera nel settore lapideo; pur realizzando ogni genere di articolo in marmo, granito e pietre ci siamo voluti specializzare nell'arte funeraria. La qualit\u00e0 dei prodotti \u00e8 visibile nella nostra esposizione, dove \u00e8 sempre presente una persona pronta a consigliarvi; in questa sede potrete acquistare ogni tipo di accessorio (vasi, bronzi, fiori, lumi in cristallo, ricambi e prodotti per la manutenzione). I nostri clienti sono i marmisti, le onoranze funebri e il privato.\",\"breadcrumb\":{\"@id\":\"https:\\\/\\\/biagisnc.com\\\/index.php\\\/a\\\/#breadcrumb\"},\"inLanguage\":\"it-IT\",\"potentialAction\":[{\"@type\":\"ReadAction\",\"target\":[\"https:\\\/\\\/biagisnc.com\\\/index.php\\\/a\\\/\"]}]},{\"@type\":\"BreadcrumbList\",\"@id\":\"https:\\\/\\\/biagisnc.com\\\/index.php\\\/a\\\/#breadcrumb\",\"itemListElement\":[{\"@type\":\"ListItem\",\"position\":1,\"name\":\"Home\",\"item\":\"https:\\\/\\\/biagisnc.com\\\/\"},{\"@type\":\"ListItem\",\"position\":2,\"name\":\".\"}]},{\"@type\":\"WebSite\",\"@id\":\"https:\\\/\\\/biagisnc.com\\\/#website\",\"url\":\"https:\\\/\\\/biagisnc.com\\\/\",\"name\":\"Biagi snc di Marco e Simona\",\"description\":\"Arte Funeraria\",\"publisher\":{\"@id\":\"https:\\\/\\\/biagisnc.com\\\/#organization\"},\"potentialAction\":[{\"@type\":\"SearchAction\",\"target\":{\"@type\":\"EntryPoint\",\"urlTemplate\":\"https:\\\/\\\/biagisnc.com\\\/?s={search_term_string}\"},\"query-input\":{\"@type\":\"PropertyValueSpecification\",\"valueRequired\":true,\"valueName\":\"search_term_string\"}}],\"inLanguage\":\"it-IT\"},{\"@type\":\"Organization\",\"@id\":\"https:\\\/\\\/biagisnc.com\\\/#organization\",\"name\":\"Biagi snc di Marco e Simona\",\"url\":\"https:\\\/\\\/biagisnc.com\\\/\",\"logo\":{\"@type\":\"ImageObject\",\"inLanguage\":\"it-IT\",\"@id\":\"https:\\\/\\\/biagisnc.com\\\/#\\\/schema\\\/logo\\\/image\\\/\",\"url\":\"https:\\\/\\\/biagisnc.com\\\/wp-content\\\/uploads\\\/2022\\\/11\\\/logoPicRil.gif\",\"contentUrl\":\"https:\\\/\\\/biagisnc.com\\\/wp-content\\\/uploads\\\/2022\\\/11\\\/logoPicRil.gif\",\"width\":600,\"height\":217,\"caption\":\"Biagi snc di Marco e Simona\"},\"image\":{\"@id\":\"https:\\\/\\\/biagisnc.com\\\/#\\\/schema\\\/logo\\\/image\\\/\"}}]}<\/script>\n<!-- \/ Yoast SEO plugin. -->","yoast_head_json":{"title":"Azienda Biagi snc - Onoranze Funebri - Arte Funeraria","description":"Biagi snc \u00e8 un'azienda artigiana a conduzione familiare che, da oltre 50 anni, opera nel settore lapideo; pur realizzando ogni genere di articolo in marmo, granito e pietre ci siamo voluti specializzare nell'arte funeraria. La qualit\u00e0 dei prodotti \u00e8 visibile nella nostra esposizione, dove \u00e8 sempre presente una persona pronta a consigliarvi; in questa sede potrete acquistare ogni tipo di accessorio (vasi, bronzi, fiori, lumi in cristallo, ricambi e prodotti per la manutenzione). I nostri clienti sono i marmisti, le onoranze funebri e il privato.","robots":{"index":"index","follow":"follow","max-snippet":"max-snippet:-1","max-image-preview":"max-image-preview:large","max-video-preview":"max-video-preview:-1"},"canonical":"https:\/\/biagisnc.com\/index.php\/a\/","og_locale":"it_IT","og_type":"article","og_title":"Azienda Biagi snc - Onoranze Funebri - Arte Funeraria","og_description":"Biagi snc \u00e8 un'azienda artigiana a conduzione familiare che, da oltre 50 anni, opera nel settore lapideo; pur realizzando ogni genere di articolo in marmo, granito e pietre ci siamo voluti specializzare nell'arte funeraria. La qualit\u00e0 dei prodotti \u00e8 visibile nella nostra esposizione, dove \u00e8 sempre presente una persona pronta a consigliarvi; in questa sede potrete acquistare ogni tipo di accessorio (vasi, bronzi, fiori, lumi in cristallo, ricambi e prodotti per la manutenzione). I nostri clienti sono i marmisti, le onoranze funebri e il privato.","og_url":"https:\/\/biagisnc.com\/index.php\/a\/","og_site_name":"Biagi snc di Marco e Simona","article_modified_time":"2025-01-24T07:35:10+00:00","og_image":[{"width":1200,"height":854,"url":"https:\/\/biagisnc.com\/wp-content\/uploads\/2022\/08\/Negozio4.jpg","type":"image\/jpeg"}],"twitter_card":"summary_large_image","twitter_misc":{"Tempo di lettura stimato":"1 minuto"},"schema":{"@context":"https:\/\/schema.org","@graph":[{"@type":"WebPage","@id":"https:\/\/biagisnc.com\/index.php\/a\/","url":"https:\/\/biagisnc.com\/index.php\/a\/","name":"Azienda Biagi snc - Onoranze Funebri - Arte Funeraria","isPartOf":{"@id":"https:\/\/biagisnc.com\/#website"},"datePublished":"2025-01-23T16:53:33+00:00","dateModified":"2025-01-24T07:35:10+00:00","description":"Biagi snc \u00e8 un'azienda artigiana a conduzione familiare che, da oltre 50 anni, opera nel settore lapideo; pur realizzando ogni genere di articolo in marmo, granito e pietre ci siamo voluti specializzare nell'arte funeraria. La qualit\u00e0 dei prodotti \u00e8 visibile nella nostra esposizione, dove \u00e8 sempre presente una persona pronta a consigliarvi; in questa sede potrete acquistare ogni tipo di accessorio (vasi, bronzi, fiori, lumi in cristallo, ricambi e prodotti per la manutenzione). I nostri clienti sono i marmisti, le onoranze funebri e il privato.","breadcrumb":{"@id":"https:\/\/biagisnc.com\/index.php\/a\/#breadcrumb"},"inLanguage":"it-IT","potentialAction":[{"@type":"ReadAction","target":["https:\/\/biagisnc.com\/index.php\/a\/"]}]},{"@type":"BreadcrumbList","@id":"https:\/\/biagisnc.com\/index.php\/a\/#breadcrumb","itemListElement":[{"@type":"ListItem","position":1,"name":"Home","item":"https:\/\/biagisnc.com\/"},{"@type":"ListItem","position":2,"name":"."}]},{"@type":"WebSite","@id":"https:\/\/biagisnc.com\/#website","url":"https:\/\/biagisnc.com\/","name":"Biagi snc di Marco e Simona","description":"Arte Funeraria","publisher":{"@id":"https:\/\/biagisnc.com\/#organization"},"potentialAction":[{"@type":"SearchAction","target":{"@type":"EntryPoint","urlTemplate":"https:\/\/biagisnc.com\/?s={search_term_string}"},"query-input":{"@type":"PropertyValueSpecification","valueRequired":true,"valueName":"search_term_string"}}],"inLanguage":"it-IT"},{"@type":"Organization","@id":"https:\/\/biagisnc.com\/#organization","name":"Biagi snc di Marco e Simona","url":"https:\/\/biagisnc.com\/","logo":{"@type":"ImageObject","inLanguage":"it-IT","@id":"https:\/\/biagisnc.com\/#\/schema\/logo\/image\/","url":"https:\/\/biagisnc.com\/wp-content\/uploads\/2022\/11\/logoPicRil.gif","contentUrl":"https:\/\/biagisnc.com\/wp-content\/uploads\/2022\/11\/logoPicRil.gif","width":600,"height":217,"caption":"Biagi snc di Marco e Simona"},"image":{"@id":"https:\/\/biagisnc.com\/#\/schema\/logo\/image\/"}}]}},"_links":{"self":[{"href":"https:\/\/biagisnc.com\/index.php\/wp-json\/wp\/v2\/pages\/1903","targetHints":{"allow":["GET"]}}],"collection":[{"href":"https:\/\/biagisnc.com\/index.php\/wp-json\/wp\/v2\/pages"}],"about":[{"href":"https:\/\/biagisnc.com\/index.php\/wp-json\/wp\/v2\/types\/page"}],"author":[{"embeddable":true,"href":"https:\/\/biagisnc.com\/index.php\/wp-json\/wp\/v2\/users\/1"}],"replies":[{"embeddable":true,"href":"https:\/\/biagisnc.com\/index.php\/wp-json\/wp\/v2\/comments?post=1903"}],"version-history":[{"count":13,"href":"https:\/\/biagisnc.com\/index.php\/wp-json\/wp\/v2\/pages\/1903\/revisions"}],"predecessor-version":[{"id":1921,"href":"https:\/\/biagisnc.com\/index.php\/wp-json\/wp\/v2\/pages\/1903\/revisions\/1921"}],"wp:attachment":[{"href":"https:\/\/biagisnc.com\/index.php\/wp-json\/wp\/v2\/media?parent=1903"}],"curies":[{"name":"wp","href":"https:\/\/api.w.org\/{rel}","templated":true}]}}